{"id":943,"date":"2020-07-03T18:58:02","date_gmt":"2020-07-03T16:58:02","guid":{"rendered":"http:\/\/wtmmetal.com\/?page_id=943"},"modified":"2025-06-25T20:54:03","modified_gmt":"2025-06-25T18:54:03","slug":"943-2","status":"publish","type":"page","link":"https:\/\/wtmmetal.com\/sk\/","title":{"rendered":"WTM metal"},"content":{"rendered":"","protected":false},"excerpt":{"rendered":"","protected":false},"author":1,"featured_media":0,"parent":0,"menu_order":0,"comment_status":"closed","ping_status":"closed","template":"","meta":{"_acf_changed":false,"inline_featured_image":false,"footnotes":""},"class_list":["post-943","page","type-page","status-publish","hentry"],"acf":[],"yoast_head":"<!-- This site is optimized with the Yoast SEO plugin v26.5 - https:\/\/yoast.com\/wordpress\/plugins\/seo\/ -->\n<title>WTM metal - V\u00fdroba oce\u013eov\u00fdch kon\u0161trukci\u00ed\u00ed.<\/title>\n<meta name=\"description\" content=\"V\u00fdroba ocelov\u00fdch konstrukc\u00ed, celoro\u010dn\u00ed servis v\u00fdrobn\u00edch provoz\u016f a realizace zes\u00edlen\u00ed p\u0159edpjat\u00fdch \u017eelezobetonov\u00fdch vazn\u00edk\u016f ZiPP\" \/>\n<meta name=\"robots\" content=\"index, follow, max-snippet:-1, max-image-preview:large, max-video-preview:-1\" \/>\n<link rel=\"canonical\" href=\"https:\/\/wtmmetal.com\/sk\/\" \/>\n<meta property=\"og:locale\" content=\"sk_SK\" \/>\n<meta property=\"og:type\" content=\"article\" \/>\n<meta property=\"og:title\" content=\"WTM metal - V\u00fdroba oce\u013eov\u00fdch kon\u0161trukci\u00ed\u00ed.\" \/>\n<meta property=\"og:description\" content=\"V\u00fdroba ocelov\u00fdch konstrukc\u00ed, celoro\u010dn\u00ed servis v\u00fdrobn\u00edch provoz\u016f a realizace zes\u00edlen\u00ed p\u0159edpjat\u00fdch \u017eelezobetonov\u00fdch vazn\u00edk\u016f ZiPP\" \/>\n<meta property=\"og:url\" content=\"https:\/\/wtmmetal.com\/sk\/\" \/>\n<meta property=\"og:site_name\" content=\"WTM METAL\" \/>\n<meta property=\"article:modified_time\" content=\"2025-06-25T18:54:03+00:00\" \/>\n<meta name=\"twitter:card\" content=\"summary_large_image\" \/>\n<script type=\"application\/ld+json\" class=\"yoast-schema-graph\">{\"@context\":\"https:\/\/schema.org\",\"@graph\":[{\"@type\":\"WebPage\",\"@id\":\"https:\/\/wtmmetal.com\/sk\/\",\"url\":\"https:\/\/wtmmetal.com\/sk\/\",\"name\":\"WTM metal - V\u00fdroba oce\u013eov\u00fdch kon\u0161trukci\u00ed\u00ed.\",\"isPartOf\":{\"@id\":\"https:\/\/wtmmetal.com\/#website\"},\"datePublished\":\"2020-07-03T16:58:02+00:00\",\"dateModified\":\"2025-06-25T18:54:03+00:00\",\"description\":\"V\u00fdroba ocelov\u00fdch konstrukc\u00ed, celoro\u010dn\u00ed servis v\u00fdrobn\u00edch provoz\u016f a realizace zes\u00edlen\u00ed p\u0159edpjat\u00fdch \u017eelezobetonov\u00fdch vazn\u00edk\u016f ZiPP\",\"breadcrumb\":{\"@id\":\"https:\/\/wtmmetal.com\/sk\/#breadcrumb\"},\"inLanguage\":\"sk-SK\",\"potentialAction\":[{\"@type\":\"ReadAction\",\"target\":[\"https:\/\/wtmmetal.com\/sk\/\"]}]},{\"@type\":\"BreadcrumbList\",\"@id\":\"https:\/\/wtmmetal.com\/sk\/#breadcrumb\",\"itemListElement\":[{\"@type\":\"ListItem\",\"position\":1,\"name\":\"Dom\u016f\",\"item\":\"https:\/\/wtmmetal.com\/sk\/\"},{\"@type\":\"ListItem\",\"position\":2,\"name\":\"WTM metal\"}]},{\"@type\":\"WebSite\",\"@id\":\"https:\/\/wtmmetal.com\/#website\",\"url\":\"https:\/\/wtmmetal.com\/\",\"name\":\"WTM METAL\",\"description\":\"V\u00fdroba oce\u013eov\u00fdch kon\u0161trukci\u00ed\",\"publisher\":{\"@id\":\"https:\/\/wtmmetal.com\/#organization\"},\"potentialAction\":[{\"@type\":\"SearchAction\",\"target\":{\"@type\":\"EntryPoint\",\"urlTemplate\":\"https:\/\/wtmmetal.com\/?s={search_term_string}\"},\"query-input\":{\"@type\":\"PropertyValueSpecification\",\"valueRequired\":true,\"valueName\":\"search_term_string\"}}],\"inLanguage\":\"sk-SK\"},{\"@type\":\"Organization\",\"@id\":\"https:\/\/wtmmetal.com\/#organization\",\"name\":\"WTM metal\",\"url\":\"https:\/\/wtmmetal.com\/\",\"logo\":{\"@type\":\"ImageObject\",\"inLanguage\":\"sk-SK\",\"@id\":\"https:\/\/wtmmetal.com\/#\/schema\/logo\/image\/\",\"url\":\"https:\/\/wtmmetal.com\/wp-content\/uploads\/2020\/10\/wtmmetal-logo-bez-napisov-pre-web-1.png\",\"contentUrl\":\"https:\/\/wtmmetal.com\/wp-content\/uploads\/2020\/10\/wtmmetal-logo-bez-napisov-pre-web-1.png\",\"width\":408,\"height\":82,\"caption\":\"WTM metal\"},\"image\":{\"@id\":\"https:\/\/wtmmetal.com\/#\/schema\/logo\/image\/\"}}]}<\/script>\n<!-- \/ Yoast SEO plugin. -->","yoast_head_json":{"title":"WTM metal - V\u00fdroba oce\u013eov\u00fdch kon\u0161trukci\u00ed\u00ed.","description":"V\u00fdroba ocelov\u00fdch konstrukc\u00ed, celoro\u010dn\u00ed servis v\u00fdrobn\u00edch provoz\u016f a realizace zes\u00edlen\u00ed p\u0159edpjat\u00fdch \u017eelezobetonov\u00fdch vazn\u00edk\u016f ZiPP","robots":{"index":"index","follow":"follow","max-snippet":"max-snippet:-1","max-image-preview":"max-image-preview:large","max-video-preview":"max-video-preview:-1"},"canonical":"https:\/\/wtmmetal.com\/sk\/","og_locale":"sk_SK","og_type":"article","og_title":"WTM metal - V\u00fdroba oce\u013eov\u00fdch kon\u0161trukci\u00ed\u00ed.","og_description":"V\u00fdroba ocelov\u00fdch konstrukc\u00ed, celoro\u010dn\u00ed servis v\u00fdrobn\u00edch provoz\u016f a realizace zes\u00edlen\u00ed p\u0159edpjat\u00fdch \u017eelezobetonov\u00fdch vazn\u00edk\u016f ZiPP","og_url":"https:\/\/wtmmetal.com\/sk\/","og_site_name":"WTM METAL","article_modified_time":"2025-06-25T18:54:03+00:00","twitter_card":"summary_large_image","schema":{"@context":"https:\/\/schema.org","@graph":[{"@type":"WebPage","@id":"https:\/\/wtmmetal.com\/sk\/","url":"https:\/\/wtmmetal.com\/sk\/","name":"WTM metal - V\u00fdroba oce\u013eov\u00fdch kon\u0161trukci\u00ed\u00ed.","isPartOf":{"@id":"https:\/\/wtmmetal.com\/#website"},"datePublished":"2020-07-03T16:58:02+00:00","dateModified":"2025-06-25T18:54:03+00:00","description":"V\u00fdroba ocelov\u00fdch konstrukc\u00ed, celoro\u010dn\u00ed servis v\u00fdrobn\u00edch provoz\u016f a realizace zes\u00edlen\u00ed p\u0159edpjat\u00fdch \u017eelezobetonov\u00fdch vazn\u00edk\u016f ZiPP","breadcrumb":{"@id":"https:\/\/wtmmetal.com\/sk\/#breadcrumb"},"inLanguage":"sk-SK","potentialAction":[{"@type":"ReadAction","target":["https:\/\/wtmmetal.com\/sk\/"]}]},{"@type":"BreadcrumbList","@id":"https:\/\/wtmmetal.com\/sk\/#breadcrumb","itemListElement":[{"@type":"ListItem","position":1,"name":"Dom\u016f","item":"https:\/\/wtmmetal.com\/sk\/"},{"@type":"ListItem","position":2,"name":"WTM metal"}]},{"@type":"WebSite","@id":"https:\/\/wtmmetal.com\/#website","url":"https:\/\/wtmmetal.com\/","name":"WTM METAL","description":"V\u00fdroba oce\u013eov\u00fdch kon\u0161trukci\u00ed","publisher":{"@id":"https:\/\/wtmmetal.com\/#organization"},"potentialAction":[{"@type":"SearchAction","target":{"@type":"EntryPoint","urlTemplate":"https:\/\/wtmmetal.com\/?s={search_term_string}"},"query-input":{"@type":"PropertyValueSpecification","valueRequired":true,"valueName":"search_term_string"}}],"inLanguage":"sk-SK"},{"@type":"Organization","@id":"https:\/\/wtmmetal.com\/#organization","name":"WTM metal","url":"https:\/\/wtmmetal.com\/","logo":{"@type":"ImageObject","inLanguage":"sk-SK","@id":"https:\/\/wtmmetal.com\/#\/schema\/logo\/image\/","url":"https:\/\/wtmmetal.com\/wp-content\/uploads\/2020\/10\/wtmmetal-logo-bez-napisov-pre-web-1.png","contentUrl":"https:\/\/wtmmetal.com\/wp-content\/uploads\/2020\/10\/wtmmetal-logo-bez-napisov-pre-web-1.png","width":408,"height":82,"caption":"WTM metal"},"image":{"@id":"https:\/\/wtmmetal.com\/#\/schema\/logo\/image\/"}}]}},"_links":{"self":[{"href":"https:\/\/wtmmetal.com\/sk\/wp-json\/wp\/v2\/pages\/943","targetHints":{"allow":["GET"]}}],"collection":[{"href":"https:\/\/wtmmetal.com\/sk\/wp-json\/wp\/v2\/pages"}],"about":[{"href":"https:\/\/wtmmetal.com\/sk\/wp-json\/wp\/v2\/types\/page"}],"author":[{"embeddable":true,"href":"https:\/\/wtmmetal.com\/sk\/wp-json\/wp\/v2\/users\/1"}],"replies":[{"embeddable":true,"href":"https:\/\/wtmmetal.com\/sk\/wp-json\/wp\/v2\/comments?post=943"}],"version-history":[{"count":46,"href":"https:\/\/wtmmetal.com\/sk\/wp-json\/wp\/v2\/pages\/943\/revisions"}],"predecessor-version":[{"id":2049,"href":"https:\/\/wtmmetal.com\/sk\/wp-json\/wp\/v2\/pages\/943\/revisions\/2049"}],"wp:attachment":[{"href":"https:\/\/wtmmetal.com\/sk\/wp-json\/wp\/v2\/media?parent=943"}],"curies":[{"name":"wp","href":"https:\/\/api.w.org\/{rel}","templated":true}]}}