{"id":319,"date":"2019-12-28T12:10:15","date_gmt":"2019-12-28T11:10:15","guid":{"rendered":"http:\/\/wtmmetal.com\/wtm-metal\/"},"modified":"2025-06-25T20:52:48","modified_gmt":"2025-06-25T18:52:48","slug":"wtm-metal-de","status":"publish","type":"page","link":"https:\/\/wtmmetal.com\/de\/","title":{"rendered":"WTM metal"},"content":{"rendered":"","protected":false},"excerpt":{"rendered":"","protected":false},"author":1,"featured_media":0,"parent":0,"menu_order":0,"comment_status":"closed","ping_status":"closed","template":"","meta":{"_acf_changed":false,"inline_featured_image":false,"footnotes":""},"class_list":["post-319","page","type-page","status-publish","hentry"],"acf":[],"yoast_head":"<!-- This site is optimized with the Yoast SEO plugin v26.5 - https:\/\/yoast.com\/wordpress\/plugins\/seo\/ -->\n<title>WTM METAL - Herstellung von Stahlkonstruktionen<\/title>\n<meta name=\"description\" content=\"Herstellung von Stahlkonstruktionen, ganzj\u00e4hriger Service der Produktionsanlagen und Ausf\u00fchrung der Bewehrung von Spannbetonbindern ZiPP\" \/>\n<meta name=\"robots\" content=\"index, follow, max-snippet:-1, max-image-preview:large, max-video-preview:-1\" \/>\n<link rel=\"canonical\" href=\"https:\/\/wtmmetal.com\/de\/\" \/>\n<meta property=\"og:locale\" content=\"de_DE\" \/>\n<meta property=\"og:type\" content=\"article\" \/>\n<meta property=\"og:title\" content=\"WTM METAL - Herstellung von Stahlkonstruktionen\" \/>\n<meta property=\"og:description\" content=\"Herstellung von Stahlkonstruktionen, ganzj\u00e4hriger Service der Produktionsanlagen und Ausf\u00fchrung der Bewehrung von Spannbetonbindern ZiPP\" \/>\n<meta property=\"og:url\" content=\"https:\/\/wtmmetal.com\/de\/\" \/>\n<meta property=\"og:site_name\" content=\"WTM METAL\" \/>\n<meta property=\"article:modified_time\" content=\"2025-06-25T18:52:48+00:00\" \/>\n<meta name=\"twitter:card\" content=\"summary_large_image\" \/>\n<script type=\"application\/ld+json\" class=\"yoast-schema-graph\">{\"@context\":\"https:\/\/schema.org\",\"@graph\":[{\"@type\":\"WebPage\",\"@id\":\"https:\/\/wtmmetal.com\/de\/\",\"url\":\"https:\/\/wtmmetal.com\/de\/\",\"name\":\"WTM METAL - Herstellung von Stahlkonstruktionen\",\"isPartOf\":{\"@id\":\"https:\/\/wtmmetal.com\/#website\"},\"datePublished\":\"2019-12-28T11:10:15+00:00\",\"dateModified\":\"2025-06-25T18:52:48+00:00\",\"description\":\"Herstellung von Stahlkonstruktionen, ganzj\u00e4hriger Service der Produktionsanlagen und Ausf\u00fchrung der Bewehrung von Spannbetonbindern ZiPP\",\"breadcrumb\":{\"@id\":\"https:\/\/wtmmetal.com\/de\/#breadcrumb\"},\"inLanguage\":\"de\",\"potentialAction\":[{\"@type\":\"ReadAction\",\"target\":[\"https:\/\/wtmmetal.com\/de\/\"]}]},{\"@type\":\"BreadcrumbList\",\"@id\":\"https:\/\/wtmmetal.com\/de\/#breadcrumb\",\"itemListElement\":[{\"@type\":\"ListItem\",\"position\":1,\"name\":\"Dom\u016f\",\"item\":\"https:\/\/wtmmetal.com\/de\/\"},{\"@type\":\"ListItem\",\"position\":2,\"name\":\"WTM metal\"}]},{\"@type\":\"WebSite\",\"@id\":\"https:\/\/wtmmetal.com\/#website\",\"url\":\"https:\/\/wtmmetal.com\/\",\"name\":\"WTM METAL\",\"description\":\"Slu\u017eby v oblasti stroj\u00edrenstv\u00ed.\",\"publisher\":{\"@id\":\"https:\/\/wtmmetal.com\/#organization\"},\"potentialAction\":[{\"@type\":\"SearchAction\",\"target\":{\"@type\":\"EntryPoint\",\"urlTemplate\":\"https:\/\/wtmmetal.com\/?s={search_term_string}\"},\"query-input\":{\"@type\":\"PropertyValueSpecification\",\"valueRequired\":true,\"valueName\":\"search_term_string\"}}],\"inLanguage\":\"de\"},{\"@type\":\"Organization\",\"@id\":\"https:\/\/wtmmetal.com\/#organization\",\"name\":\"WTM metal\",\"url\":\"https:\/\/wtmmetal.com\/\",\"logo\":{\"@type\":\"ImageObject\",\"inLanguage\":\"de\",\"@id\":\"https:\/\/wtmmetal.com\/#\/schema\/logo\/image\/\",\"url\":\"https:\/\/wtmmetal.com\/wp-content\/uploads\/2020\/10\/wtmmetal-logo-bez-napisov-pre-web-1.png\",\"contentUrl\":\"https:\/\/wtmmetal.com\/wp-content\/uploads\/2020\/10\/wtmmetal-logo-bez-napisov-pre-web-1.png\",\"width\":408,\"height\":82,\"caption\":\"WTM metal\"},\"image\":{\"@id\":\"https:\/\/wtmmetal.com\/#\/schema\/logo\/image\/\"}}]}<\/script>\n<!-- \/ Yoast SEO plugin. -->","yoast_head_json":{"title":"WTM METAL - Herstellung von Stahlkonstruktionen","description":"Herstellung von Stahlkonstruktionen, ganzj\u00e4hriger Service der Produktionsanlagen und Ausf\u00fchrung der Bewehrung von Spannbetonbindern ZiPP","robots":{"index":"index","follow":"follow","max-snippet":"max-snippet:-1","max-image-preview":"max-image-preview:large","max-video-preview":"max-video-preview:-1"},"canonical":"https:\/\/wtmmetal.com\/de\/","og_locale":"de_DE","og_type":"article","og_title":"WTM METAL - Herstellung von Stahlkonstruktionen","og_description":"Herstellung von Stahlkonstruktionen, ganzj\u00e4hriger Service der Produktionsanlagen und Ausf\u00fchrung der Bewehrung von Spannbetonbindern ZiPP","og_url":"https:\/\/wtmmetal.com\/de\/","og_site_name":"WTM METAL","article_modified_time":"2025-06-25T18:52:48+00:00","twitter_card":"summary_large_image","schema":{"@context":"https:\/\/schema.org","@graph":[{"@type":"WebPage","@id":"https:\/\/wtmmetal.com\/de\/","url":"https:\/\/wtmmetal.com\/de\/","name":"WTM METAL - Herstellung von Stahlkonstruktionen","isPartOf":{"@id":"https:\/\/wtmmetal.com\/#website"},"datePublished":"2019-12-28T11:10:15+00:00","dateModified":"2025-06-25T18:52:48+00:00","description":"Herstellung von Stahlkonstruktionen, ganzj\u00e4hriger Service der Produktionsanlagen und Ausf\u00fchrung der Bewehrung von Spannbetonbindern ZiPP","breadcrumb":{"@id":"https:\/\/wtmmetal.com\/de\/#breadcrumb"},"inLanguage":"de","potentialAction":[{"@type":"ReadAction","target":["https:\/\/wtmmetal.com\/de\/"]}]},{"@type":"BreadcrumbList","@id":"https:\/\/wtmmetal.com\/de\/#breadcrumb","itemListElement":[{"@type":"ListItem","position":1,"name":"Dom\u016f","item":"https:\/\/wtmmetal.com\/de\/"},{"@type":"ListItem","position":2,"name":"WTM metal"}]},{"@type":"WebSite","@id":"https:\/\/wtmmetal.com\/#website","url":"https:\/\/wtmmetal.com\/","name":"WTM METAL","description":"Slu\u017eby v oblasti stroj\u00edrenstv\u00ed.","publisher":{"@id":"https:\/\/wtmmetal.com\/#organization"},"potentialAction":[{"@type":"SearchAction","target":{"@type":"EntryPoint","urlTemplate":"https:\/\/wtmmetal.com\/?s={search_term_string}"},"query-input":{"@type":"PropertyValueSpecification","valueRequired":true,"valueName":"search_term_string"}}],"inLanguage":"de"},{"@type":"Organization","@id":"https:\/\/wtmmetal.com\/#organization","name":"WTM metal","url":"https:\/\/wtmmetal.com\/","logo":{"@type":"ImageObject","inLanguage":"de","@id":"https:\/\/wtmmetal.com\/#\/schema\/logo\/image\/","url":"https:\/\/wtmmetal.com\/wp-content\/uploads\/2020\/10\/wtmmetal-logo-bez-napisov-pre-web-1.png","contentUrl":"https:\/\/wtmmetal.com\/wp-content\/uploads\/2020\/10\/wtmmetal-logo-bez-napisov-pre-web-1.png","width":408,"height":82,"caption":"WTM metal"},"image":{"@id":"https:\/\/wtmmetal.com\/#\/schema\/logo\/image\/"}}]}},"_links":{"self":[{"href":"https:\/\/wtmmetal.com\/de\/wp-json\/wp\/v2\/pages\/319","targetHints":{"allow":["GET"]}}],"collection":[{"href":"https:\/\/wtmmetal.com\/de\/wp-json\/wp\/v2\/pages"}],"about":[{"href":"https:\/\/wtmmetal.com\/de\/wp-json\/wp\/v2\/types\/page"}],"author":[{"embeddable":true,"href":"https:\/\/wtmmetal.com\/de\/wp-json\/wp\/v2\/users\/1"}],"replies":[{"embeddable":true,"href":"https:\/\/wtmmetal.com\/de\/wp-json\/wp\/v2\/comments?post=319"}],"version-history":[{"count":75,"href":"https:\/\/wtmmetal.com\/de\/wp-json\/wp\/v2\/pages\/319\/revisions"}],"predecessor-version":[{"id":2047,"href":"https:\/\/wtmmetal.com\/de\/wp-json\/wp\/v2\/pages\/319\/revisions\/2047"}],"wp:attachment":[{"href":"https:\/\/wtmmetal.com\/de\/wp-json\/wp\/v2\/media?parent=319"}],"curies":[{"name":"wp","href":"https:\/\/api.w.org\/{rel}","templated":true}]}}